{"id":5029,"date":"2023-01-18T12:44:25","date_gmt":"2023-01-18T17:44:25","guid":{"rendered":"https:\/\/tes.hallco.org\/web\/?page_id=5029"},"modified":"2023-01-18T12:44:25","modified_gmt":"2023-01-18T17:44:25","slug":"prek-registration","status":"publish","type":"page","link":"https:\/\/tes.hallco.org\/web\/prek-registration\/","title":{"rendered":"PreK Registration"},"content":{"rendered":"<p>Learn more about our PreK programs and register online.<\/p>\n<p><a href=\"https:\/\/drive.google.com\/file\/d\/1XOv4Wz7VOR4d6F84J04kdIQ2P9Y5x2Ko\/view?usp=share_link\">For information in English, click here.<\/a><\/p>\n<p><a href=\"https:\/\/drive.google.com\/file\/d\/1T-_rszCqJBD9iOpPTowv8JMc63W9izVv\/view?usp=share_link\">Para informaci\u00f3n en espa\u00f1ol, pulse aqu\u00ed.<\/a><\/p>\n","protected":false},"excerpt":{"rendered":"<p>Learn more about our PreK programs and register online. For information in English, click here. Para informaci\u00f3n en espa\u00f1ol, pulse aqu\u00ed.<\/p>\n","protected":false},"author":10,"featured_media":0,"parent":0,"menu_order":0,"comment_status":"closed","ping_status":"closed","template":"","meta":{"_monsterinsights_skip_tracking":false,"_monsterinsights_sitenote_active":false,"_monsterinsights_sitenote_note":"","_monsterinsights_sitenote_category":0,"footnotes":""},"class_list":["post-5029","page","type-page","status-publish","hentry"],"_links":{"self":[{"href":"https:\/\/tes.hallco.org\/web\/wp-json\/wp\/v2\/pages\/5029","targetHints":{"allow":["GET"]}}],"collection":[{"href":"https:\/\/tes.hallco.org\/web\/wp-json\/wp\/v2\/pages"}],"about":[{"href":"https:\/\/tes.hallco.org\/web\/wp-json\/wp\/v2\/types\/page"}],"author":[{"embeddable":true,"href":"https:\/\/tes.hallco.org\/web\/wp-json\/wp\/v2\/users\/10"}],"replies":[{"embeddable":true,"href":"https:\/\/tes.hallco.org\/web\/wp-json\/wp\/v2\/comments?post=5029"}],"version-history":[{"count":2,"href":"https:\/\/tes.hallco.org\/web\/wp-json\/wp\/v2\/pages\/5029\/revisions"}],"predecessor-version":[{"id":5031,"href":"https:\/\/tes.hallco.org\/web\/wp-json\/wp\/v2\/pages\/5029\/revisions\/5031"}],"wp:attachment":[{"href":"https:\/\/tes.hallco.org\/web\/wp-json\/wp\/v2\/media?parent=5029"}],"curies":[{"name":"wp","href":"https:\/\/api.w.org\/{rel}","templated":true}]}}