{"id":5059,"date":"2023-02-22T10:26:01","date_gmt":"2023-02-22T15:26:01","guid":{"rendered":"https:\/\/tes.hallco.org\/web\/?page_id=5059"},"modified":"2023-02-22T10:29:26","modified_gmt":"2023-02-22T15:29:26","slug":"title-1-parent-engagement-survey","status":"publish","type":"page","link":"https:\/\/tes.hallco.org\/web\/title-1-parent-engagement-survey\/","title":{"rendered":"Title 1 Parent Engagement Survey"},"content":{"rendered":"<div><span style=\"font-family: Calibri,sans-serif; font-size: small;\"><span style=\"font-family: Times New Roman,serif; font-size: medium;\">Dear Parents,<\/span><\/span><\/div>\n<div><span style=\"font-family: Calibri,sans-serif; font-size: small;\"><span style=\"font-family: Times New Roman,serif; font-size: medium;\">As we continuously seek to improve the Hall County School District, we want to know how you, as a parent or guardian, feel the schools and the district are doing to meet the needs of students and all stakeholders.\u00a0 Please help us by completing the survey online.<\/span><\/span><\/div>\n<div><span style=\"font-family: Calibri,sans-serif; font-size: small;\"><span style=\"font-family: Times New Roman,serif; font-size: medium;\">The information that you provide will help us evaluate and improve how our schools, district, families, and parents work together to help all students achieve academic success.<\/span><\/span><\/div>\n<div><span style=\"font-family: Calibri,sans-serif; font-size: small;\"><span style=\"font-family: Times New Roman,serif; font-size: medium;\">Please click the link below to complete the survey online.<\/span><\/span><\/div>\n<div><span style=\"font-family: Calibri,sans-serif; font-size: small;\"><span style=\"font-family: Times New Roman,serif; font-size: medium;\">Your opinions and suggestions are valuable, and we thank you for your input.\u00a0<\/span><\/span><\/div>\n<div><\/div>\n<div><a href=\"https:\/\/forms.gle\/QKuu2g4VmjeNfebQ9\">https:\/\/forms.gle\/QKuu2g4VmjeNfebQ9<\/a><\/div>\n<div><\/div>\n<div>\n<div><span style=\"font-family: Calibri,sans-serif; font-size: small;\"><span style=\"font-family: Times New Roman,serif; font-size: medium;\"><span lang=\"es-US\">Queridos padres\/tutores,<\/span><\/span><\/span><\/div>\n<div><span style=\"font-family: Calibri,sans-serif; font-size: small;\"><span style=\"font-family: Times New Roman,serif; font-size: medium;\"><span lang=\"es-US\">Debido a que buscamos continuamente mejorar el Distrito Escolar del Condado de Hall, queremos saber c\u00f3mo usted, como padre o tutor, siente que las escuelas y el distrito est\u00e1n trabajando para satisfacer las necesidades de los estudiantes y todos los miembros de la comunidad. Ay\u00fadenos con este proceso completando la encuesta en l\u00ednea.<\/span><\/span><\/span><\/div>\n<div><span style=\"font-family: Calibri,sans-serif; font-size: small;\"><span style=\"font-family: Times New Roman,serif; font-size: medium;\"><span lang=\"es-US\">La informaci\u00f3n que nos proporcione nos ayudar\u00e1 a evaluar y mejorar la manera en que nuestras escuelas, distrito, familias y padres trabajan juntos para ayudar a todos los estudiantes a lograr el \u00e9xito acad\u00e9mico.<\/span><\/span><\/span><\/div>\n<div><span style=\"font-family: Calibri,sans-serif; font-size: small;\"><span style=\"font-family: Times New Roman,serif; font-size: medium;\"><span lang=\"es-US\">Por favor presione en el enlace (link) de abajo para completar la encuesta en l\u00ednea.<\/span><\/span><\/span><\/div>\n<div><span style=\"font-family: Calibri,sans-serif; font-size: small;\"><span style=\"font-family: Times New Roman,serif; font-size: medium;\"><span lang=\"es-US\">Sus opiniones y sugerencias son muy valiosas, y le agradecemos su aporte.<\/span><\/span><\/span><\/div>\n<\/div>\n<div><\/div>\n<div><a href=\"https:\/\/forms.gle\/QKuu2g4VmjeNfebQ9\">https:\/\/forms.gle\/QKuu2g4VmjeNfebQ9<\/a><\/div>\n<div><\/div>\n","protected":false},"excerpt":{"rendered":"<p>Dear Parents, As we continuously seek to improve the Hall County School District, we want to know how you, as a parent or guardian, feel the schools and the district are doing to meet the needs of students and all stakeholders.\u00a0 Please help us by completing the survey online. The information that you provide will [&hellip;]<\/p>\n","protected":false},"author":10,"featured_media":0,"parent":0,"menu_order":0,"comment_status":"closed","ping_status":"closed","template":"","meta":{"_monsterinsights_skip_tracking":false,"_monsterinsights_sitenote_active":false,"_monsterinsights_sitenote_note":"","_monsterinsights_sitenote_category":0,"footnotes":""},"class_list":["post-5059","page","type-page","status-publish","hentry"],"_links":{"self":[{"href":"https:\/\/tes.hallco.org\/web\/wp-json\/wp\/v2\/pages\/5059","targetHints":{"allow":["GET"]}}],"collection":[{"href":"https:\/\/tes.hallco.org\/web\/wp-json\/wp\/v2\/pages"}],"about":[{"href":"https:\/\/tes.hallco.org\/web\/wp-json\/wp\/v2\/types\/page"}],"author":[{"embeddable":true,"href":"https:\/\/tes.hallco.org\/web\/wp-json\/wp\/v2\/users\/10"}],"replies":[{"embeddable":true,"href":"https:\/\/tes.hallco.org\/web\/wp-json\/wp\/v2\/comments?post=5059"}],"version-history":[{"count":4,"href":"https:\/\/tes.hallco.org\/web\/wp-json\/wp\/v2\/pages\/5059\/revisions"}],"predecessor-version":[{"id":5064,"href":"https:\/\/tes.hallco.org\/web\/wp-json\/wp\/v2\/pages\/5059\/revisions\/5064"}],"wp:attachment":[{"href":"https:\/\/tes.hallco.org\/web\/wp-json\/wp\/v2\/media?parent=5059"}],"curies":[{"name":"wp","href":"https:\/\/api.w.org\/{rel}","templated":true}]}}